{"id":128,"date":"2018-04-05T21:47:22","date_gmt":"2018-04-05T19:47:22","guid":{"rendered":"https:\/\/scoalapiru.ro\/?page_id=128"},"modified":"2024-09-13T14:25:20","modified_gmt":"2024-09-13T12:25:20","slug":"bun-venit","status":"publish","type":"page","link":"https:\/\/scoalapiru.ro\/","title":{"rendered":"Organizare"},"content":{"rendered":"<p>&nbsp;<\/p>\n<p><strong>Bun venit pe site-ul \u0218colii Gimnaziale \u201eAlexandru Piru\u201d,\u00a0\u00a0M\u0103rgineni, Bac\u0103u! <\/strong><\/p>\n<p>\u201e\u015ecoala cea mai bun\u0103 este aceea \u00een care \u00eenve\u0163i \u00eenainte de toate s\u0103 \u00eenve\u0163i!\u201d<\/p>\n<p>Nicolae Iorga<\/p>\n","protected":false},"excerpt":{"rendered":"<p>&nbsp; Bun venit pe site-ul \u0218colii Gimnaziale \u201eAlexandru Piru\u201d,\u00a0\u00a0M\u0103rgineni, Bac\u0103u! \u201e\u015ecoala cea mai bun\u0103 este aceea \u00een care \u00eenve\u0163i \u00eenainte de toate s\u0103 \u00eenve\u0163i!\u201d Nicolae Iorga<\/p>\n","protected":false},"author":2,"featured_media":0,"parent":0,"menu_order":0,"comment_status":"closed","ping_status":"closed","template":"","meta":{"footnotes":""},"class_list":["post-128","page","type-page","status-publish","hentry"],"_links":{"self":[{"href":"https:\/\/scoalapiru.ro\/index.php\/wp-json\/wp\/v2\/pages\/128","targetHints":{"allow":["GET"]}}],"collection":[{"href":"https:\/\/scoalapiru.ro\/index.php\/wp-json\/wp\/v2\/pages"}],"about":[{"href":"https:\/\/scoalapiru.ro\/index.php\/wp-json\/wp\/v2\/types\/page"}],"author":[{"embeddable":true,"href":"https:\/\/scoalapiru.ro\/index.php\/wp-json\/wp\/v2\/users\/2"}],"replies":[{"embeddable":true,"href":"https:\/\/scoalapiru.ro\/index.php\/wp-json\/wp\/v2\/comments?post=128"}],"version-history":[{"count":4,"href":"https:\/\/scoalapiru.ro\/index.php\/wp-json\/wp\/v2\/pages\/128\/revisions"}],"predecessor-version":[{"id":1392,"href":"https:\/\/scoalapiru.ro\/index.php\/wp-json\/wp\/v2\/pages\/128\/revisions\/1392"}],"wp:attachment":[{"href":"https:\/\/scoalapiru.ro\/index.php\/wp-json\/wp\/v2\/media?parent=128"}],"curies":[{"name":"wp","href":"https:\/\/api.w.org\/{rel}","templated":true}]}}