{"id":145,"date":"2018-04-06T10:13:39","date_gmt":"2018-04-06T08:13:39","guid":{"rendered":"https:\/\/scoalapiru.ro\/?page_id=145"},"modified":"2024-09-13T13:06:16","modified_gmt":"2024-09-13T11:06:16","slug":"baza-materiala","status":"publish","type":"page","link":"https:\/\/scoalapiru.ro\/index.php\/baza-materiala\/","title":{"rendered":"Baza material\u0103"},"content":{"rendered":"<p><strong>BAZA MATERIAL\u0102<\/p>\n<p><\/strong><\/p>\n<p><strong>\u015eCOALA GIMNAZIAL\u0102 \u201eALEXANDRU PIRU\u201d, M\u0102RGINENI<\/strong><\/p>\n<ul>\n<li>10 s\u0103li de curs<\/li>\n<li>Cabinet informatic\u0103 (26 calculatoare conectate la internet)<\/li>\n<li>Cabinet de limba \u0219i literatura rom\u00e2n\u0103 \u0219i limbi str\u0103ine<\/li>\n<li>Cabinet de \u0219tiin\u021be<\/li>\n<li>Bibliotec\u0103 \u2013 7500 volume (\u00een corpul de cl\u0103dire cu gr\u0103dini\u021ba)<\/li>\n<li>Cabinet Director<\/li>\n<li>Compartiment secretariat<\/li>\n<li>Compartiment contabilitate<\/li>\n<li>Cancelarie<\/li>\n<li>10 grupuri sanitare elevi<\/li>\n<li>2 grupuri sanitare cadre didactice<\/li>\n<li>1 sal\u0103 de sport \u00een interiorul \u0219colii<\/li>\n<li>2 terenuri de sport<\/li>\n<\/ul>\n<p><strong>Grupele de gr\u0103dini\u021b\u0103 <\/strong>sunt amplasate \u00eentr-un corp de cl\u0103dire separat, \u00een aceea\u0219i curte cu \u015ecoala Gimnazial\u0103 \u201eAlexandru Piru\u201d, M\u0103rgineni<\/p>\n<ul>\n<li>Spa\u0163iu de primire pentru copii<\/li>\n<li>2 s\u0103li de grup\u0103 echipate cu mobilier adaptat;<\/li>\n<li>2 grupuri sanitare pentru copii<\/li>\n<li>1 grup sanitar cadre didactice<\/li>\n<li>Loc de joac\u0103 exterior<\/li>\n<\/ul>\n<p><strong>\u015eCOALA GIMNAZIAL\u0102 BARA\u021aI<\/strong><\/p>\n<ul>\n<li>9 S\u0103li de curs<\/li>\n<li>Cabinet de \u0219tiin\u021be<\/li>\n<li>Cabinet informatic\u0103 (12 calculatoare conectate la internet)<\/li>\n<li>Bibliotec\u0103 \u2013 3500 volume<\/li>\n<li>Cancelarie<\/li>\n<li>Departament Secretariat<\/li>\n<li>2 grupuri sanitare elevi<\/li>\n<li>1 grup sanitar cadre didactice<\/li>\n<li>1 sal\u0103 de sport \u00een interiorul \u0219colii<\/li>\n<li>1 teren de sport<\/li>\n<\/ul>\n<p><strong>GR\u0102DINI\u021aA CU PROGRAM PRELUNGIT \u201eC\u0102SU\u021aA PITICILOR\u201d BARA\u021aI<\/strong><\/p>\n<ul>\n<li>Spa\u021biu de primire pentru copii<\/li>\n<li>4 s\u0103li de grup\u0103 pentru programul prelungit echipate, cu mobilier adaptat \u0219i grupuri sanitare cu intrare din sala de grup\u0103<\/li>\n<li>1 sal\u0103 de grup\u0103 pentru programul normal<\/li>\n<li>Cancelarie<\/li>\n<li>1 grup sanitar cadre didactice<\/li>\n<li>Spa\u021biu amenajat pentru servirea mesei<\/li>\n<li>Loc de joac\u0103 exterior<\/li>\n<\/ul>\n<p><strong>\u015eCOALA GIMNAZIAL\u0102 \u201eIOAN M\u0102RIC\u201d LUNCANI<\/strong><\/p>\n<ul>\n<li>7 S\u0103li de curs<\/li>\n<li>Cabinet informatic\u0103 (12 calculatoare conectate la internet)<\/li>\n<li>Bibliotec\u0103 \u2013 3500 volume<\/li>\n<li>Cancelarie<\/li>\n<li>2 grupuri sanitare elevi<\/li>\n<li>1 grup sanitar cadre didactice<\/li>\n<\/ul>\n<p>&nbsp;<\/p>\n","protected":false},"excerpt":{"rendered":"<p>BAZA MATERIAL\u0102 \u015eCOALA GIMNAZIAL\u0102 \u201eALEXANDRU PIRU\u201d, M\u0102RGINENI 10 s\u0103li de curs Cabinet informatic\u0103 (26 calculatoare conectate la internet) Cabinet de limba \u0219i literatura rom\u00e2n\u0103 \u0219i limbi str\u0103ine Cabinet de \u0219tiin\u021be Bibliotec\u0103 \u2013 7500 volume (\u00een corpul de cl\u0103dire cu gr\u0103dini\u021ba) <a href=\"https:\/\/scoalapiru.ro\/index.php\/baza-materiala\/\" class=\"read-more\">Read More &#8230;<\/a><\/p>\n","protected":false},"author":2,"featured_media":0,"parent":0,"menu_order":0,"comment_status":"closed","ping_status":"closed","template":"","meta":{"footnotes":""},"class_list":["post-145","page","type-page","status-publish","hentry"],"_links":{"self":[{"href":"https:\/\/scoalapiru.ro\/index.php\/wp-json\/wp\/v2\/pages\/145","targetHints":{"allow":["GET"]}}],"collection":[{"href":"https:\/\/scoalapiru.ro\/index.php\/wp-json\/wp\/v2\/pages"}],"about":[{"href":"https:\/\/scoalapiru.ro\/index.php\/wp-json\/wp\/v2\/types\/page"}],"author":[{"embeddable":true,"href":"https:\/\/scoalapiru.ro\/index.php\/wp-json\/wp\/v2\/users\/2"}],"replies":[{"embeddable":true,"href":"https:\/\/scoalapiru.ro\/index.php\/wp-json\/wp\/v2\/comments?post=145"}],"version-history":[{"count":3,"href":"https:\/\/scoalapiru.ro\/index.php\/wp-json\/wp\/v2\/pages\/145\/revisions"}],"predecessor-version":[{"id":1388,"href":"https:\/\/scoalapiru.ro\/index.php\/wp-json\/wp\/v2\/pages\/145\/revisions\/1388"}],"wp:attachment":[{"href":"https:\/\/scoalapiru.ro\/index.php\/wp-json\/wp\/v2\/media?parent=145"}],"curies":[{"name":"wp","href":"https:\/\/api.w.org\/{rel}","templated":true}]}}