{"id":148,"date":"2018-04-06T10:15:22","date_gmt":"2018-04-06T08:15:22","guid":{"rendered":"https:\/\/scoalapiru.ro\/?page_id=148"},"modified":"2018-04-06T12:16:45","modified_gmt":"2018-04-06T10:16:45","slug":"viziune","status":"publish","type":"page","link":"https:\/\/scoalapiru.ro\/index.php\/viziune\/","title":{"rendered":"Viziunea \u0218colii"},"content":{"rendered":"<p><strong>\u00a0 \u00a0 \u00a0\u00a0<\/strong><strong>\u00a0\u00a0\u00a0\u00a0\u00a0\u00a0 <\/strong>Ne propunem s\u0103 devenim una din \u015fcolile de prestigiu din jude\u021bul Bac\u0103u, apreciat\u0103 de c\u0103tre elevi, p\u0103rin\u0163i \u015fi comunitatea local\u0103 pentru eficien\u0163a activit\u0103\u0163ii instructiv-educative, asigurarea condi\u0163iilor materiale necesare unui \u00eenv\u0103\u0163\u0103m\u00e2nt de calitate, asigurarea egalit\u0103\u0163ii \u015fanselor tuturor elevilor, pentru\u00a0 rezultate deosebite \u00een activitatea de performan\u0163\u0103 \u015fi pentru ancorarea \u015fcolii \u00een comunitatea local\u0103 \u015fi european\u0103.<\/p>\n","protected":false},"excerpt":{"rendered":"<p>\u00a0 \u00a0 \u00a0\u00a0\u00a0\u00a0\u00a0\u00a0\u00a0\u00a0 Ne propunem s\u0103 devenim una din \u015fcolile de prestigiu din jude\u021bul Bac\u0103u, apreciat\u0103 de c\u0103tre elevi, p\u0103rin\u0163i \u015fi comunitatea local\u0103 pentru eficien\u0163a activit\u0103\u0163ii instructiv-educative, asigurarea condi\u0163iilor materiale necesare unui \u00eenv\u0103\u0163\u0103m\u00e2nt de calitate, asigurarea egalit\u0103\u0163ii \u015fanselor tuturor elevilor, <a href=\"https:\/\/scoalapiru.ro\/index.php\/viziune\/\" class=\"read-more\">Read More &#8230;<\/a><\/p>\n","protected":false},"author":1,"featured_media":0,"parent":0,"menu_order":0,"comment_status":"closed","ping_status":"closed","template":"","meta":{"footnotes":""},"class_list":["post-148","page","type-page","status-publish","hentry"],"_links":{"self":[{"href":"https:\/\/scoalapiru.ro\/index.php\/wp-json\/wp\/v2\/pages\/148","targetHints":{"allow":["GET"]}}],"collection":[{"href":"https:\/\/scoalapiru.ro\/index.php\/wp-json\/wp\/v2\/pages"}],"about":[{"href":"https:\/\/scoalapiru.ro\/index.php\/wp-json\/wp\/v2\/types\/page"}],"author":[{"embeddable":true,"href":"https:\/\/scoalapiru.ro\/index.php\/wp-json\/wp\/v2\/users\/1"}],"replies":[{"embeddable":true,"href":"https:\/\/scoalapiru.ro\/index.php\/wp-json\/wp\/v2\/comments?post=148"}],"version-history":[{"count":3,"href":"https:\/\/scoalapiru.ro\/index.php\/wp-json\/wp\/v2\/pages\/148\/revisions"}],"predecessor-version":[{"id":153,"href":"https:\/\/scoalapiru.ro\/index.php\/wp-json\/wp\/v2\/pages\/148\/revisions\/153"}],"wp:attachment":[{"href":"https:\/\/scoalapiru.ro\/index.php\/wp-json\/wp\/v2\/media?parent=148"}],"curies":[{"name":"wp","href":"https:\/\/api.w.org\/{rel}","templated":true}]}}