{"id":1500,"date":"2024-12-12T15:13:31","date_gmt":"2024-12-12T13:13:31","guid":{"rendered":"https:\/\/scoalapiru.ro\/?page_id=1500"},"modified":"2024-12-12T15:47:08","modified_gmt":"2024-12-12T13:47:08","slug":"tichete-sociale","status":"publish","type":"page","link":"https:\/\/scoalapiru.ro\/index.php\/tichete-sociale\/","title":{"rendered":"TICHETE SOCIALE"},"content":{"rendered":"<p><strong>TICHETE SOCIALE<\/strong><\/p>\n<p><strong><a href=\"https:\/\/scoalapiru.ro\/wp-content\/uploads\/2024\/12\/Informatii-tichete-educationale.pdf\" target=\"_blank\" rel=\"noopener\">Informatii tichete educationale<\/a> <\/strong><\/p>\n<p><strong><a href=\"https:\/\/scoalapiru.ro\/wp-content\/uploads\/2024\/12\/Model-card-tichete-sociale.pdf\" target=\"_blank\" rel=\"noopener\">Model card tichete sociale<\/a> <\/strong><\/p>\n<p><strong><a href=\"https:\/\/scoalapiru.ro\/wp-content\/uploads\/2024\/12\/ANUNT-TICHETE-SOCIALE-2024-2025.pdf\" target=\"_blank\" rel=\"noopener\">ANUNT TICHETE SOCIALE 2024-2025<\/a><\/strong><\/p>\n<p><strong><a href=\"https:\/\/scoalapiru.ro\/wp-content\/uploads\/2024\/12\/Ordonanta-de-urgenta-nr.-83-2023.pdf\" target=\"_blank\" rel=\"noopener\">Ordonan\u0163a de urgen\u0163\u0103 nr. 83\/2023<\/a><\/strong><\/p>\n","protected":false},"excerpt":{"rendered":"<p>TICHETE SOCIALE Informatii tichete educationale Model card tichete sociale ANUNT TICHETE SOCIALE 2024-2025 Ordonan\u0163a de urgen\u0163\u0103 nr. 83\/2023<\/p>\n","protected":false},"author":2,"featured_media":0,"parent":0,"menu_order":0,"comment_status":"closed","ping_status":"closed","template":"","meta":{"footnotes":""},"class_list":["post-1500","page","type-page","status-publish","hentry"],"_links":{"self":[{"href":"https:\/\/scoalapiru.ro\/index.php\/wp-json\/wp\/v2\/pages\/1500","targetHints":{"allow":["GET"]}}],"collection":[{"href":"https:\/\/scoalapiru.ro\/index.php\/wp-json\/wp\/v2\/pages"}],"about":[{"href":"https:\/\/scoalapiru.ro\/index.php\/wp-json\/wp\/v2\/types\/page"}],"author":[{"embeddable":true,"href":"https:\/\/scoalapiru.ro\/index.php\/wp-json\/wp\/v2\/users\/2"}],"replies":[{"embeddable":true,"href":"https:\/\/scoalapiru.ro\/index.php\/wp-json\/wp\/v2\/comments?post=1500"}],"version-history":[{"count":2,"href":"https:\/\/scoalapiru.ro\/index.php\/wp-json\/wp\/v2\/pages\/1500\/revisions"}],"predecessor-version":[{"id":1509,"href":"https:\/\/scoalapiru.ro\/index.php\/wp-json\/wp\/v2\/pages\/1500\/revisions\/1509"}],"wp:attachment":[{"href":"https:\/\/scoalapiru.ro\/index.php\/wp-json\/wp\/v2\/media?parent=1500"}],"curies":[{"name":"wp","href":"https:\/\/api.w.org\/{rel}","templated":true}]}}