{"id":180,"date":"2018-04-06T15:26:26","date_gmt":"2018-04-06T13:26:26","guid":{"rendered":"https:\/\/scoalapiru.ro\/?page_id=180"},"modified":"2018-04-06T15:26:26","modified_gmt":"2018-04-06T13:26:26","slug":"personal-nedidactic","status":"publish","type":"page","link":"https:\/\/scoalapiru.ro\/index.php\/personal-nedidactic\/","title":{"rendered":"Personal nedidactic"},"content":{"rendered":"<p><strong>\u015ecoala Gimnazial\u0103 \u201eAlexandru Piru\u201d, M\u0103rgineni<\/strong><\/p>\n<p>MATEI CECILIA EMILIANA &#8211; \u00cengrijitoare<\/p>\n<p>COJAN IULIANA \u2013 \u00cengrijitoare<\/p>\n<p>HERCIU PETRIC\u0102 &#8211; Muncitor \u00eentre\u021binere<\/p>\n<p>FARAUANU D\u0102NU\u021a &#8211; Muncitor \u00eentre\u021binere<\/p>\n<p>\u0218OLOT EUGEN &#8211; \u0218ofer<\/p>\n<p>&nbsp;<\/p>\n<p><strong>Gr\u0103dini\u021ba cu Program Normal Nr. 1<\/strong> <strong>M\u0103rgineni<\/strong><\/p>\n<p>HERCIU MIHAELA &#8211; \u00cengrijitoare<\/p>\n<p>&nbsp;<\/p>\n<p><strong>Gr\u0103dini\u021ba cu Program Normal Nr. 2<\/strong> <strong>M\u0103rgineni<\/strong><\/p>\n<p>B\u0102RBU\u0162 ELENA &#8211; \u00cengrijitoare<\/p>\n<p>&nbsp;<\/p>\n<p><strong>\u015ecoala Gimnazial\u0103 Bara\u021bi<\/strong><\/p>\n<p>BUTACU IRINA &#8211; \u00cengrijitoare<\/p>\n<p>\u015eOLOT L\u0102CR\u0102MIOARA &#8211; \u00cengrijitoare<\/p>\n<p>&nbsp;<\/p>\n<p><strong>Gr\u0103dini\u021ba cu Program Normal Bara\u021bi<\/strong><\/p>\n<p>P\u0102ULE\u0162 LILIANA \u2013 \u00cengrijitoare<\/p>\n<p>&nbsp;<\/p>\n<p><strong>\u015ecoala Gimnazial\u0103 Luncani<\/strong><\/p>\n<p>PL\u0102CINT\u0102 CRINA \u2013 \u00cengrijitoare<\/p>\n<p>&nbsp;<\/p>\n<p><strong>Gr\u0103dini\u021ba cu Program Normal Luncani<\/strong><\/p>\n<p>\u0162IMIRA\u015e LILIANA \u2013 \u00cengrijitoare<\/p>\n","protected":false},"excerpt":{"rendered":"<p>\u015ecoala Gimnazial\u0103 \u201eAlexandru Piru\u201d, M\u0103rgineni MATEI CECILIA EMILIANA &#8211; \u00cengrijitoare COJAN IULIANA \u2013 \u00cengrijitoare HERCIU PETRIC\u0102 &#8211; Muncitor \u00eentre\u021binere FARAUANU D\u0102NU\u021a &#8211; Muncitor \u00eentre\u021binere \u0218OLOT EUGEN &#8211; \u0218ofer &nbsp; Gr\u0103dini\u021ba cu Program Normal Nr. 1 M\u0103rgineni HERCIU MIHAELA &#8211; \u00cengrijitoare <a href=\"https:\/\/scoalapiru.ro\/index.php\/personal-nedidactic\/\" class=\"read-more\">Read More &#8230;<\/a><\/p>\n","protected":false},"author":1,"featured_media":0,"parent":0,"menu_order":0,"comment_status":"closed","ping_status":"closed","template":"","meta":{"footnotes":""},"class_list":["post-180","page","type-page","status-publish","hentry"],"_links":{"self":[{"href":"https:\/\/scoalapiru.ro\/index.php\/wp-json\/wp\/v2\/pages\/180","targetHints":{"allow":["GET"]}}],"collection":[{"href":"https:\/\/scoalapiru.ro\/index.php\/wp-json\/wp\/v2\/pages"}],"about":[{"href":"https:\/\/scoalapiru.ro\/index.php\/wp-json\/wp\/v2\/types\/page"}],"author":[{"embeddable":true,"href":"https:\/\/scoalapiru.ro\/index.php\/wp-json\/wp\/v2\/users\/1"}],"replies":[{"embeddable":true,"href":"https:\/\/scoalapiru.ro\/index.php\/wp-json\/wp\/v2\/comments?post=180"}],"version-history":[{"count":1,"href":"https:\/\/scoalapiru.ro\/index.php\/wp-json\/wp\/v2\/pages\/180\/revisions"}],"predecessor-version":[{"id":181,"href":"https:\/\/scoalapiru.ro\/index.php\/wp-json\/wp\/v2\/pages\/180\/revisions\/181"}],"wp:attachment":[{"href":"https:\/\/scoalapiru.ro\/index.php\/wp-json\/wp\/v2\/media?parent=180"}],"curies":[{"name":"wp","href":"https:\/\/api.w.org\/{rel}","templated":true}]}}