{"id":192,"date":"2018-04-24T20:58:01","date_gmt":"2018-04-24T18:58:01","guid":{"rendered":"https:\/\/scoalapiru.ro\/?page_id=192"},"modified":"2018-04-24T21:17:09","modified_gmt":"2018-04-24T19:17:09","slug":"inscriere-invatamant-primar-2018-2019","status":"publish","type":"page","link":"https:\/\/scoalapiru.ro\/index.php\/inscriere-invatamant-primar-2018-2019\/","title":{"rendered":"\u00censcriere \u00eenv\u0103\u021b\u0103m\u00e2nt primar 2018-2019"},"content":{"rendered":"<p>Anun\u021buri importante. (<a href=\"https:\/\/scoalapiru.ro\/wp-content\/uploads\/2018\/04\/ANUN\u021aURI-IMPORTANTE.pdf\" target=\"_blank\" rel=\"noopener\">Fi\u0219ier PDF<\/a>)<\/p>\n<p>Calendarul \u0219i metodologia de \u00eenscriere. (<a href=\"https:\/\/scoalapiru.ro\/wp-content\/uploads\/2018\/04\/OMEN-3242-Aprobarea-calendarului-si-metodologiei-de-inscriere-a-copiilor-in-invatamantul-primar-pentru-anul-scolar-.pdf\" target=\"_blank\" rel=\"noopener\">Fi\u0219ier PDF<\/a>)<\/p>\n<p>Lista copiilor admi\u0219i \u00een clasa preg\u0103titoare 2018-2019 pe comuna M\u0103rgineni. (<a href=\"https:\/\/scoalapiru.ro\/wp-content\/uploads\/2018\/04\/Lista-copiilor-admisi-in-clasa-pregatitoare-2018-2019-pe-comuna-Margineni.pdf\" target=\"_blank\" rel=\"noopener\">Fi\u0219ier PDF<\/a>)<\/p>\n","protected":false},"excerpt":{"rendered":"<p>Anun\u021buri importante. (Fi\u0219ier PDF) Calendarul \u0219i metodologia de \u00eenscriere. (Fi\u0219ier PDF) Lista copiilor admi\u0219i \u00een clasa preg\u0103titoare 2018-2019 pe comuna M\u0103rgineni. (Fi\u0219ier PDF)<\/p>\n","protected":false},"author":1,"featured_media":0,"parent":0,"menu_order":0,"comment_status":"closed","ping_status":"closed","template":"","meta":{"footnotes":""},"class_list":["post-192","page","type-page","status-publish","hentry"],"_links":{"self":[{"href":"https:\/\/scoalapiru.ro\/index.php\/wp-json\/wp\/v2\/pages\/192","targetHints":{"allow":["GET"]}}],"collection":[{"href":"https:\/\/scoalapiru.ro\/index.php\/wp-json\/wp\/v2\/pages"}],"about":[{"href":"https:\/\/scoalapiru.ro\/index.php\/wp-json\/wp\/v2\/types\/page"}],"author":[{"embeddable":true,"href":"https:\/\/scoalapiru.ro\/index.php\/wp-json\/wp\/v2\/users\/1"}],"replies":[{"embeddable":true,"href":"https:\/\/scoalapiru.ro\/index.php\/wp-json\/wp\/v2\/comments?post=192"}],"version-history":[{"count":3,"href":"https:\/\/scoalapiru.ro\/index.php\/wp-json\/wp\/v2\/pages\/192\/revisions"}],"predecessor-version":[{"id":206,"href":"https:\/\/scoalapiru.ro\/index.php\/wp-json\/wp\/v2\/pages\/192\/revisions\/206"}],"wp:attachment":[{"href":"https:\/\/scoalapiru.ro\/index.php\/wp-json\/wp\/v2\/media?parent=192"}],"curies":[{"name":"wp","href":"https:\/\/api.w.org\/{rel}","templated":true}]}}