{"id":201,"date":"2018-04-24T21:15:15","date_gmt":"2018-04-24T19:15:15","guid":{"rendered":"https:\/\/scoalapiru.ro\/?page_id=201"},"modified":"2025-06-23T15:20:40","modified_gmt":"2025-06-23T13:20:40","slug":"evaluarea-nationala-clasa-a-viii-a","status":"publish","type":"page","link":"https:\/\/scoalapiru.ro\/index.php\/evaluarea-nationala-clasa-a-viii-a\/","title":{"rendered":"Evaluarea na\u021bional\u0103 clasa a VIII-a"},"content":{"rendered":"\r\n<p><strong data-rich-text-format-boundary=\"true\">Evaluare Na\u021bionala 2024-2025<\/strong><\/p>\r\n<p><strong>CALENDARUL DE VIZUALIZARE A LUCR\u0102RILOR la\u00a0Evaluare Na\u021bional\u0103 2025<\/strong><\/p>\r\n<p><strong>Depunerea cererilor de vizualizare a lucr\u0103rilor<\/strong>\u00a0se face la sediul \u0219colii \u00een data de\u00a0<strong>03.07.2025<\/strong>\u00a0\u00een format fizic sau online la adresa de email\u00a0<a href=\"mailto:scoala.margineni@yahoo.com\">scoala.margineni@yahoo.com<\/a> \u00a0<em>doar \u00een intervalul orar\u00a0<\/em><strong><em>14.00 \u2013 17.00<\/em><\/strong><\/p>\r\n<p>Vizualizarea lucr\u0103rilor scrise desc\u0103rcate din platforma de evaluare digitalizat\u0103<strong>\u00a0va fi programat\u0103<\/strong>\u00a0\u00een:<\/p>\r\n<p><strong>03.07.2025 \u2013 17:00 -18:00<\/strong><\/p>\r\n<p><strong>04.07.2025 \u2013 09:00 -17:00<\/strong><\/p>\r\n<p><strong>05.07.2025 \u2013 09:00 -17.00<\/strong><\/p>\r\n<p><strong>Depunerea<\/strong>\u00a0eventualelor\u00a0<strong>contesta\u021bii<\/strong>\u00a0la unitatea de \u00eenv\u0103\u021b\u0103m\u00e2nt \u00een format fizic sau online la adresa\u00a0<a href=\"mailto:scoala.margineni@yahoo.com\">scoala.margineni@yahoo.com<\/a><\/p>\r\n<p>Interval orar depunere contesta\u021bii<\/p>\r\n<p><strong>03.07.2025 \u00een intervalul 17:00-18:00<\/strong><\/p>\r\n<p><strong>04.07.2025 \u2013 09:00 -17:00<\/strong><\/p>\r\n<p><strong>05.07.2025 \u2013 09:00 -17:00<\/strong><\/p>\r\n<p><span style=\"text-decoration: underline;\"><strong>Solicit\u0103rile depuse online vor fi \u00eenso\u021bite de documente de identitate (carte identitate \/ certificat na\u0219tere candidat \u0219i carte de <\/strong><\/span><span style=\"text-decoration: underline;\"><strong>identitate p\u0103rinte \/ reprezentantului legal)<\/strong><\/span><\/p>\r\n<p><strong>\u00cen textul mesajului se va trece \u0219i num\u0103rul de telefon<\/strong>.<\/p>\r\n<p>&nbsp;<\/p>\r\n<p><strong>Nota ob\u0163inut\u0103 \u00een etapa de solu\u0163ionare a contesta\u0163iilor este nota definitiv\u0103, indiferent de punctajul ob\u0163inut,<\/strong> <strong>\u00een plus sau \u00een minus, fa\u0163\u0103 de nota acordat\u0103 \u00een etapa de evaluare ini\u0163ial\u0103 a lucr\u0103rii. Aceast\u0103 not\u0103 nu mai<\/strong> <strong>poate fi modificat\u0103 \u015fi reprezint\u0103 nota ob\u0163inut\u0103 de candidat la proba respectiv\u0103.<\/strong><\/p>\r\n<p><strong><a href=\"https:\/\/scoalapiru.ro\/wp-content\/uploads\/2025\/06\/Cerere-tip-de-vizualizare-a-lucrarii-scrise-sau-lucrarilor-scrise-2025-.pdf\" target=\"_blank\" rel=\"noopener\">Cerere tip de vizualizare a lucr\u0103rii scrise sau lucr\u0103rilor scrise 2025 (Descarc\u0103)<\/a><\/strong><\/p>\r\n<p><strong><a href=\"https:\/\/scoalapiru.ro\/wp-content\/uploads\/2025\/06\/Model-cerere-contestatie-evaluare-nationala-2025.pdf\">Model cerere contesta\u021bie evaluare na\u021bionala 2025 (Descarc\u0103)<\/a><\/strong><\/p>\r\n<p>&nbsp;<\/p>\r\n<p><strong><a href=\"http:\/\/www.isjbacau.ro\/conducere\/inspector-scolar-general-adjunct-curriculum-2023\/anul-scolar-2024-2025\/evaluarea-nationala-pentru-absolventii-clasei-a-viii-a-in-anul-scolar-2024-2025\" target=\"_blank\" rel=\"noopener\">ANUN\u021aURI ISJ BACAU<\/a><\/strong><\/p>\r\n<hr \/>\r\n<p><strong data-rich-text-format-boundary=\"true\">Evaluare Na\u021bionala 2023-2024<\/strong><\/p>\r\n<p><strong><a href=\"https:\/\/scoalapiru.ro\/wp-content\/uploads\/2024\/07\/IERARHIA-PE-JUDET_ADLIC-2024.xlsx\" target=\"_blank\" rel=\"noopener\">IERARHIA PE JUDET_ADLIC 2024<\/a><\/strong><\/p>\r\n<p><strong><a href=\"https:\/\/scoalapiru.ro\/wp-content\/uploads\/2024\/07\/Anunt-vizualizare-lucrari-EN-2024.pdf\" target=\"_blank\" rel=\"noopener\">Anunt vizualizare lucrari EN 2024<\/a><\/strong><\/p>\r\n<p><strong><a href=\"https:\/\/scoalapiru.ro\/wp-content\/uploads\/2024\/07\/Cerere-vizualizare-lucrari-EN-2024.pdf\" target=\"_blank\" rel=\"noopener\">Cerere vizualizare lucrari EN 2024<\/a><\/strong><\/p>\r\n<p><strong><a href=\"https:\/\/scoalapiru.ro\/wp-content\/uploads\/2024\/07\/LISTA-NOTE-EN-2024-INAINTE-DE-CONTESTATII.pdf\" target=\"_blank\" rel=\"noopener\">LISTA NOTE EN 2024 INAINTE DE CONTESTATII<\/a><\/strong><\/p>\r\n<p><strong><a href=\"https:\/\/scoalapiru.ro\/wp-content\/uploads\/2024\/07\/ANUNT-CONTESTATII-EN-2024.pdf\" target=\"_blank\" rel=\"noopener\">ANUN\u021a CONTESTA\u021aII EN 2024<\/a><\/strong><\/p>\r\n<p><strong><a href=\"https:\/\/scoalapiru.ro\/wp-content\/uploads\/2024\/07\/Anexa-1-model-cerere-contestatii_2024_EVNAT.pdf\" target=\"_blank\" rel=\"noopener\">Model cerere contestatii EN 2024<\/a><\/strong><\/p>\r\n<p><a href=\"http:\/\/www.isjbacau.ro\/conducere\/inspector-scolar-general-adjunct-curriculum-2023\/anul-scolar-2023-2024\/evaluarea-nationala-pentru-absolventii-clasei-a-viii-a-in-anul-scolar-2023-2-24\" target=\"_blank\" rel=\"noopener\"><strong>Evaluarea Na\u021bional\u0103 pentru absolven\u021bii clasei a VIII-a \u00een anul \u0219colar 2023-2024-ISJ BACAU<\/strong><\/a><\/p>\r\n<p><img loading=\"lazy\" decoding=\"async\" class=\"aligncenter\" src=\"https:\/\/www.scoalamihaidraganbacau.com\/wp-content\/uploads\/2024\/01\/calendar_simplificat_ENVII_2024.jpg\" width=\"395\" height=\"371\" \/><\/p>\r\n<p><strong data-rich-text-format-boundary=\"true\">Evaluare Na\u021bionala 2022-2023<\/strong><\/p>\r\n<h4 class=\"entry-title\"><a href=\"https:\/\/scoalapiru.ro\/index.php\/2023\/06\/28\/evaluare-nationala-2023\/\" target=\"_blank\" rel=\"noopener\">Contesta\u021bii Evaluare Na\u021bional\u0103 2023<\/a><\/h4>\r\n\r\n\r\n<p>&nbsp;<\/p>\r\n\r\n\r\n<div data-wp-interactive=\"core\/file\" class=\"wp-block-file\"><object data-wp-bind--hidden=\"!state.hasPdfPreview\" hidden class=\"wp-block-file__embed\" style=\"width: 100%; height: 600px;\" data=\"https:\/\/scoalapiru.ro\/wp-content\/uploads\/2022\/10\/Calendar-examene-nationale-09.09.2022-1.pdf\" type=\"application\/pdf\" width=\"300\" height=\"150\" aria-label=\"\u00cenglobare pentru \u00cenglobare pentru &lt;strong&gt;Calendarul examenelor na\u021bionale \u2013 EVNAT 2023&lt;\/strong&gt;..\"><\/object><a id=\"wp-block-file--media-52e5d723-740a-4a33-ab3a-347df1182791\" href=\"https:\/\/scoalapiru.ro\/wp-content\/uploads\/2022\/10\/Calendar-examene-nationale-09.09.2022-1.pdf\"><strong>Calendarul examenelor na\u021bionale \u2013 EVNAT 2023 <\/strong><\/a><a class=\"wp-block-file__button\" href=\"https:\/\/scoalapiru.ro\/wp-content\/uploads\/2022\/10\/Calendar-examene-nationale-09.09.2022-1.pdf\" download=\"\" aria-describedby=\"wp-block-file--media-52e5d723-740a-4a33-ab3a-347df1182791\">Descarc\u0103<\/a><\/div>\r\n<div><strong><a href=\"http:\/\/subiecte.edu.ro\/2023\/evaluarenationala\/modeledesubiecte\/\">Modele de subiecte Evaluarea Na\u0163ional\u0103 pentru absolven\u0163ii clasei a VIII-a<\/a><\/strong><\/div>\r\n<div><strong><a class=\"contenttype-file state-missing-value url\" href=\"http:\/\/www.isjbacau.ro\/examene-nationale\/evaluare-nationala\/2023\/ordin-privind-organizarea-si-desfasurarea-evaluarii-nationale-pentru-absolventii-clasei-a-viii-a-in-anul-scolar-2022-2023\/view\">ORDIN privind organizarea \u015fi desf\u0103\u015furarea evalu\u0103rii na\u0163ionale pentru absolven\u021bii clasei a VIII-a \u00een anul \u015fcolar 2022-2023<\/a><\/strong><\/div>\r\n<div><strong><a href=\"http:\/\/www.isjbacau.ro\/examene-nationale\/evaluare-nationala\/2023\/programe-examen-evaluarea-nationala-pentru-absolventii-clasei-a-viii-a-in-anul-scolar-2022-2023\/view\" target=\"_blank\" rel=\"noopener\">Programe examen evaluarea na\u0163ional\u0103 pentru absolven\u021bii clasei a VIII-a \u00een anul \u015fcolar 2022-2023<\/a><\/strong><\/div>\r\n\r\n\r\n<p>&nbsp;<\/p>\r\n<p><strong><a href=\"http:\/\/www.isjbacau.ro\/examene-nationale\/evaluare-nationala\/2023\" target=\"_blank\" rel=\"noreferrer noopener\" data-type=\"URL\" data-id=\"http:\/\/www.isjbacau.ro\/examene-nationale\/evaluare-nationala\">ISJ BACAU &#8211; Evaluare Nationala<\/a><\/strong><\/p>\r\n<p><strong><a href=\"https:\/\/www.edu.ro\/evaluarea-na%C8%9Bional%C4%83-elevilor-de-clasa-viii-en-viii\" target=\"_blank\" rel=\"noopener\">Evaluarea Na\u021bional\u0103 a elevilor de clasa a VIII-a (EN VIII) \u2013 EDU.RO<\/a><\/strong><\/p>\r\n<p><img loading=\"lazy\" decoding=\"async\" class=\"aligncenter\" src=\"https:\/\/scoalamihailsadoveanu.ro\/wp-content\/uploads\/2023\/01\/calendarul_evaluarii_naionale_clasaa_viiiaa_2023.jpg\" width=\"717\" height=\"902\" \/><\/p>\r\n<p>&nbsp;<\/p>\r\n\r\n\r\n<p>Calendarul de desf\u0103\u015furare a evalu\u0103rii na\u0163ionale pentru absolven\u021bii clasei a VIII-a, \u00een anul \u015fcolar 2017-2018. (<a href=\"https:\/\/scoalapiru.ro\/wp-content\/uploads\/2018\/04\/Calendar-EN-VIII-2018-Anexa-ordin-4793_2017.pdf\" target=\"_blank\" rel=\"noreferrer noopener\">Fi\u0219ier PDF<\/a>)<\/p>\r\n\r\n\r\n<p>Organizare \u0219i desf\u0103\u0219urarea Evalu\u0103rii Na\u021bionale pentru absolven\u021bii clasei a VIII-a. (<a href=\"https:\/\/scoalapiru.ro\/wp-content\/uploads\/2018\/04\/omen-EN-VIII-2018.pdf\" target=\"_blank\" rel=\"noreferrer noopener\">Fi\u0219ier PDF<\/a>)<\/p>\r\n\r\n\r\n<p>&nbsp;<\/p>\r\n","protected":false},"excerpt":{"rendered":"<p>Evaluare Na\u021bionala 2024-2025 CALENDARUL DE VIZUALIZARE A LUCR\u0102RILOR la\u00a0Evaluare Na\u021bional\u0103 2025 Depunerea cererilor de vizualizare a lucr\u0103rilor\u00a0se face la sediul \u0219colii \u00een data de\u00a003.07.2025\u00a0\u00een format fizic sau online la adresa de email\u00a0scoala.margineni@yahoo.com \u00a0doar \u00een intervalul orar\u00a014.00 \u2013 17.00 Vizualizarea lucr\u0103rilor <a href=\"https:\/\/scoalapiru.ro\/index.php\/evaluarea-nationala-clasa-a-viii-a\/\" class=\"read-more\">Read More &#8230;<\/a><\/p>\n","protected":false},"author":2,"featured_media":0,"parent":0,"menu_order":0,"comment_status":"closed","ping_status":"closed","template":"","meta":{"footnotes":""},"class_list":["post-201","page","type-page","status-publish","hentry"],"_links":{"self":[{"href":"https:\/\/scoalapiru.ro\/index.php\/wp-json\/wp\/v2\/pages\/201","targetHints":{"allow":["GET"]}}],"collection":[{"href":"https:\/\/scoalapiru.ro\/index.php\/wp-json\/wp\/v2\/pages"}],"about":[{"href":"https:\/\/scoalapiru.ro\/index.php\/wp-json\/wp\/v2\/types\/page"}],"author":[{"embeddable":true,"href":"https:\/\/scoalapiru.ro\/index.php\/wp-json\/wp\/v2\/users\/2"}],"replies":[{"embeddable":true,"href":"https:\/\/scoalapiru.ro\/index.php\/wp-json\/wp\/v2\/comments?post=201"}],"version-history":[{"count":27,"href":"https:\/\/scoalapiru.ro\/index.php\/wp-json\/wp\/v2\/pages\/201\/revisions"}],"predecessor-version":[{"id":1620,"href":"https:\/\/scoalapiru.ro\/index.php\/wp-json\/wp\/v2\/pages\/201\/revisions\/1620"}],"wp:attachment":[{"href":"https:\/\/scoalapiru.ro\/index.php\/wp-json\/wp\/v2\/media?parent=201"}],"curies":[{"name":"wp","href":"https:\/\/api.w.org\/{rel}","templated":true}]}}