{"id":235,"date":"2018-04-24T22:05:58","date_gmt":"2018-04-24T20:05:58","guid":{"rendered":"https:\/\/scoalapiru.ro\/?page_id=235"},"modified":"2024-09-13T12:49:31","modified_gmt":"2024-09-13T10:49:31","slug":"regulamente","status":"publish","type":"page","link":"https:\/\/scoalapiru.ro\/index.php\/regulamente\/","title":{"rendered":"Regulamente"},"content":{"rendered":"<p><strong><a href=\"https:\/\/scoalapiru.ro\/wp-content\/uploads\/2024\/09\/OME-nr.-5726-din-06.08.2024_ROFUIP-2024-Regulamentului-cadru-de-organizare-si-functionare-a-unitatilor-de-invatamant.pdf\" target=\"_blank\" rel=\"noopener\">Regulamentului &#8211; cadru de organizare \u015fi func\u0163ionare a unit\u0103\u0163ilor de \u00eenv\u0103\u0163\u0103m\u00e2nt &#8211; <\/a><a href=\"https:\/\/scoalapiru.ro\/wp-content\/uploads\/2024\/09\/OME-nr.-5726-din-06.08.2024_ROFUIP-2024-Regulamentului-cadru-de-organizare-si-functionare-a-unitatilor-de-invatamant.pdf\" target=\"_blank\" rel=\"noopener\">ROFUIP 2024 (PDF)<\/a><\/strong><\/p>\n<p><strong><a href=\"https:\/\/scoalapiru.ro\/wp-content\/uploads\/2024\/09\/OME-nr.-5707-din-01.08.2024_STATUTUL-ELEVULUI.pdf\">STATUTUL ELEVULUI<\/a><a href=\"https:\/\/scoalapiru.ro\/wp-content\/uploads\/2024\/09\/OME-nr.-5707-din-01.08.2024_STATUTUL-ELEVULUI.pdf\" target=\"_blank\" rel=\"noopener\"> &#8211; OME nr. 5707 din 01.08.2024 (PDF)<\/a><\/strong><\/p>\n<p>&nbsp;<\/p>\n","protected":false},"excerpt":{"rendered":"<p>Regulamentului &#8211; cadru de organizare \u015fi func\u0163ionare a unit\u0103\u0163ilor de \u00eenv\u0103\u0163\u0103m\u00e2nt &#8211; ROFUIP 2024 (PDF) STATUTUL ELEVULUI &#8211; OME nr. 5707 din 01.08.2024 (PDF) &nbsp;<\/p>\n","protected":false},"author":2,"featured_media":0,"parent":0,"menu_order":0,"comment_status":"closed","ping_status":"closed","template":"","meta":{"footnotes":""},"class_list":["post-235","page","type-page","status-publish","hentry"],"_links":{"self":[{"href":"https:\/\/scoalapiru.ro\/index.php\/wp-json\/wp\/v2\/pages\/235","targetHints":{"allow":["GET"]}}],"collection":[{"href":"https:\/\/scoalapiru.ro\/index.php\/wp-json\/wp\/v2\/pages"}],"about":[{"href":"https:\/\/scoalapiru.ro\/index.php\/wp-json\/wp\/v2\/types\/page"}],"author":[{"embeddable":true,"href":"https:\/\/scoalapiru.ro\/index.php\/wp-json\/wp\/v2\/users\/2"}],"replies":[{"embeddable":true,"href":"https:\/\/scoalapiru.ro\/index.php\/wp-json\/wp\/v2\/comments?post=235"}],"version-history":[{"count":7,"href":"https:\/\/scoalapiru.ro\/index.php\/wp-json\/wp\/v2\/pages\/235\/revisions"}],"predecessor-version":[{"id":1385,"href":"https:\/\/scoalapiru.ro\/index.php\/wp-json\/wp\/v2\/pages\/235\/revisions\/1385"}],"wp:attachment":[{"href":"https:\/\/scoalapiru.ro\/index.php\/wp-json\/wp\/v2\/media?parent=235"}],"curies":[{"name":"wp","href":"https:\/\/api.w.org\/{rel}","templated":true}]}}