{"id":240,"date":"2018-10-10T15:04:21","date_gmt":"2018-10-10T13:04:21","guid":{"rendered":"https:\/\/scoalapiru.ro\/?page_id=240"},"modified":"2018-11-07T17:28:44","modified_gmt":"2018-11-07T15:28:44","slug":"concurs-ocupare-post-secretar","status":"publish","type":"page","link":"https:\/\/scoalapiru.ro\/index.php\/concurs-ocupare-post-secretar\/","title":{"rendered":"Concurs ocupare post secretar &#8211; reactualizat"},"content":{"rendered":"<p>\u0218coala Gimnazial\u0103 \u201dAlexandru Piru\u201d, M\u0103rgineni, Bac\u0103u, organizeaz\u0103 <strong>concurs pentru ocuparea pe perioada nedeterminat\u0103 a func\u021biei contractuale vacante de Secretar<\/strong> &#8211; 1 post.\u00a0<\/p>\n<p>Mai multe detalii:<a href=\"https:\/\/scoalapiru.ro\/wp-content\/uploads\/2018\/11\/Anunt-ocupare-post-secretar-noiembrie-2018.pdf\">Anunt-ocupare-post-secretar-noiembrie-2018.pdf<\/a><\/p>\n<p>Fi\u0219a Postului poate fi consultata aici: <a href=\"https:\/\/scoalapiru.ro\/wp-content\/uploads\/2018\/10\/Fisa_Post_Secretara.pdf\">Fisa_Post_Secretara.pdf\u00a0<\/a><\/p>\n","protected":false},"excerpt":{"rendered":"<p>\u0218coala Gimnazial\u0103 \u201dAlexandru Piru\u201d, M\u0103rgineni, Bac\u0103u, organizeaz\u0103 concurs pentru ocuparea pe perioada nedeterminat\u0103 a func\u021biei contractuale vacante de Secretar &#8211; 1 post.\u00a0 Mai multe detalii:Anunt-ocupare-post-secretar-noiembrie-2018.pdf Fi\u0219a Postului poate fi consultata aici: Fisa_Post_Secretara.pdf\u00a0<\/p>\n","protected":false},"author":1,"featured_media":0,"parent":0,"menu_order":0,"comment_status":"closed","ping_status":"closed","template":"","meta":{"footnotes":""},"class_list":["post-240","page","type-page","status-publish","hentry"],"_links":{"self":[{"href":"https:\/\/scoalapiru.ro\/index.php\/wp-json\/wp\/v2\/pages\/240","targetHints":{"allow":["GET"]}}],"collection":[{"href":"https:\/\/scoalapiru.ro\/index.php\/wp-json\/wp\/v2\/pages"}],"about":[{"href":"https:\/\/scoalapiru.ro\/index.php\/wp-json\/wp\/v2\/types\/page"}],"author":[{"embeddable":true,"href":"https:\/\/scoalapiru.ro\/index.php\/wp-json\/wp\/v2\/users\/1"}],"replies":[{"embeddable":true,"href":"https:\/\/scoalapiru.ro\/index.php\/wp-json\/wp\/v2\/comments?post=240"}],"version-history":[{"count":3,"href":"https:\/\/scoalapiru.ro\/index.php\/wp-json\/wp\/v2\/pages\/240\/revisions"}],"predecessor-version":[{"id":249,"href":"https:\/\/scoalapiru.ro\/index.php\/wp-json\/wp\/v2\/pages\/240\/revisions\/249"}],"wp:attachment":[{"href":"https:\/\/scoalapiru.ro\/index.php\/wp-json\/wp\/v2\/media?parent=240"}],"curies":[{"name":"wp","href":"https:\/\/api.w.org\/{rel}","templated":true}]}}