{"id":284,"date":"2019-03-02T15:12:03","date_gmt":"2019-03-02T13:12:03","guid":{"rendered":"https:\/\/scoalapiru.ro\/?page_id=284"},"modified":"2019-03-02T15:12:03","modified_gmt":"2019-03-02T13:12:03","slug":"inscriere-invatamant-primar-2019-2020","status":"publish","type":"page","link":"https:\/\/scoalapiru.ro\/index.php\/inscriere-invatamant-primar-2019-2020\/","title":{"rendered":"\u00censcriere \u00eenv\u0103\u021b\u0103m\u00e2nt primar 2019-2020"},"content":{"rendered":"\n<p>Prezentare Oferta Educa\u021bionala Pregatitoare 2019-2020. (<a href=\"https:\/\/scoalapiru.ro\/wp-content\/uploads\/2019\/03\/Prezentare-Oferta-Educa\u021bionala-Pregatitoare-2019-2020.pdf\" target=\"_blank\" rel=\"noreferrer noopener\" aria-label=\" (se deschide \u00eentr-o fil\u0103 nou\u0103)\">Fi\u0219ier PDF<\/a>)<\/p>\n\n\n\n<p>Evaluarea pre\u0219colarilor. (<a href=\"https:\/\/scoalapiru.ro\/wp-content\/uploads\/2019\/03\/Evaluare-psihosomatica-M\u0102RGINENI.pdf\" target=\"_blank\" rel=\"noreferrer noopener\" aria-label=\"Fi\u0219ier PDF (se deschide \u00eentr-o fil\u0103 nou\u0103)\">Fi\u0219ier PDF<\/a>)<\/p>\n\n\n\n<p>Program \u0219i acte necesare. (<a rel=\"noreferrer noopener\" aria-label=\" (se deschide \u00eentr-o fil\u0103 nou\u0103)\" href=\"https:\/\/scoalapiru.ro\/wp-content\/uploads\/2019\/03\/PROGRAM-SI-ACTE-NECESARE.pdf\" target=\"_blank\">Fi\u0219ier PDF<\/a>) <\/p>\n\n\n\n<p>ZIUA POR\u0162ILOR DESCHISE 4 MARTIE 2019. (<a href=\"https:\/\/scoalapiru.ro\/wp-content\/uploads\/2019\/03\/ZIUA-PORTILOR-DESCHISE.pdf\" target=\"_blank\" rel=\"noreferrer noopener\" aria-label=\"Fi\u0219ier PDF (se deschide \u00eentr-o fil\u0103 nou\u0103)\">Fi\u0219ier PDF<\/a>)<\/p>\n","protected":false},"excerpt":{"rendered":"<p>Prezentare Oferta Educa\u021bionala Pregatitoare 2019-2020. (Fi\u0219ier PDF) Evaluarea pre\u0219colarilor. (Fi\u0219ier PDF) Program \u0219i acte necesare. (Fi\u0219ier PDF) ZIUA POR\u0162ILOR DESCHISE 4 MARTIE 2019. (Fi\u0219ier PDF)<\/p>\n","protected":false},"author":1,"featured_media":0,"parent":0,"menu_order":0,"comment_status":"closed","ping_status":"closed","template":"","meta":{"footnotes":""},"class_list":["post-284","page","type-page","status-publish","hentry"],"_links":{"self":[{"href":"https:\/\/scoalapiru.ro\/index.php\/wp-json\/wp\/v2\/pages\/284","targetHints":{"allow":["GET"]}}],"collection":[{"href":"https:\/\/scoalapiru.ro\/index.php\/wp-json\/wp\/v2\/pages"}],"about":[{"href":"https:\/\/scoalapiru.ro\/index.php\/wp-json\/wp\/v2\/types\/page"}],"author":[{"embeddable":true,"href":"https:\/\/scoalapiru.ro\/index.php\/wp-json\/wp\/v2\/users\/1"}],"replies":[{"embeddable":true,"href":"https:\/\/scoalapiru.ro\/index.php\/wp-json\/wp\/v2\/comments?post=284"}],"version-history":[{"count":1,"href":"https:\/\/scoalapiru.ro\/index.php\/wp-json\/wp\/v2\/pages\/284\/revisions"}],"predecessor-version":[{"id":289,"href":"https:\/\/scoalapiru.ro\/index.php\/wp-json\/wp\/v2\/pages\/284\/revisions\/289"}],"wp:attachment":[{"href":"https:\/\/scoalapiru.ro\/index.php\/wp-json\/wp\/v2\/media?parent=284"}],"curies":[{"name":"wp","href":"https:\/\/api.w.org\/{rel}","templated":true}]}}