{"id":293,"date":"2020-10-08T20:45:38","date_gmt":"2020-10-08T18:45:38","guid":{"rendered":"https:\/\/scoalapiru.ro\/?page_id=293"},"modified":"2025-06-27T12:07:44","modified_gmt":"2025-06-27T10:07:44","slug":"declaratii-de-avere-si-interese","status":"publish","type":"page","link":"https:\/\/scoalapiru.ro\/index.php\/declaratii-de-avere-si-interese\/","title":{"rendered":"Declara\u021bii de avere \u0219i interese"},"content":{"rendered":"<p><strong><\/strong><\/p>\r\n<p><strong>Anul 2025<\/strong><\/p>\r\n<p><strong>Declara\u021bii de avere<\/strong><\/p>\r\n<p><strong><a href=\"https:\/\/scoalapiru.ro\/wp-content\/uploads\/2025\/06\/COSTACHI-SIMONA.pdf\" target=\"_blank\" rel=\"noopener\">COSTACHI SIMONA<\/a> <\/strong><\/p>\r\n<p><strong><a href=\"https:\/\/scoalapiru.ro\/wp-content\/uploads\/2025\/06\/COJAN-LIDIA-IOANA.pdf\" target=\"_blank\" rel=\"noopener\">COJAN LIDIA-IOANA<\/a> <\/strong><\/p>\r\n<p><strong><a href=\"https:\/\/scoalapiru.ro\/wp-content\/uploads\/2025\/06\/CIOBANU-CATALIN.pdf\" target=\"_blank\" rel=\"noopener\">CIOBANU C\u0102T\u0102LIN<\/a> <\/strong><\/p>\r\n<p><strong><a href=\"https:\/\/scoalapiru.ro\/wp-content\/uploads\/2025\/06\/ADOCHITEI-CATALINA.pdf\" target=\"_blank\" rel=\"noopener\">ADOCHI\u021aEI C\u0102T\u0102LINA<\/a> <\/strong><\/p>\r\n<p><strong><a href=\"https:\/\/scoalapiru.ro\/wp-content\/uploads\/2025\/06\/BURLACIUC-BOGDANA.pdf\" target=\"_blank\" rel=\"noopener\">BURL\u0102CIUC BOGDANA<\/a> <\/strong><\/p>\r\n<p><strong><a href=\"https:\/\/scoalapiru.ro\/wp-content\/uploads\/2025\/06\/MAGIRESCU-COSTEL.pdf\" target=\"_blank\" rel=\"noopener\">M\u0102GIRESCU COSTEL<\/a> <\/strong><\/p>\r\n<p><strong><a href=\"https:\/\/scoalapiru.ro\/wp-content\/uploads\/2025\/06\/TIMOFTE-MARIA-CRISTINA.pdf\" target=\"_blank\" rel=\"noopener\">TIMOFTE MARIA-CRISTINA<\/a> <\/strong><\/p>\r\n<p><strong><a href=\"https:\/\/scoalapiru.ro\/wp-content\/uploads\/2025\/06\/TARANU-OTILIA-MARIA.pdf\" target=\"_blank\" rel=\"noopener\">\u021a\u0102RANU OTILIA-MARIA<\/a> <\/strong><\/p>\r\n<p><strong><a href=\"https:\/\/scoalapiru.ro\/wp-content\/uploads\/2025\/06\/TOFAN-ALINA.pdf\" target=\"_blank\" rel=\"noopener\">TOFAN ALINA<\/a> <\/strong><\/p>\r\n<p><strong><a href=\"https:\/\/scoalapiru.ro\/wp-content\/uploads\/2025\/06\/ARMANU-ANDREEA.pdf\" target=\"_blank\" rel=\"noopener\">ARMANU ANDREEA<\/a> <\/strong><\/p>\r\n<p><strong><a href=\"https:\/\/scoalapiru.ro\/wp-content\/uploads\/2025\/06\/CALIN-MARIA.pdf\" target=\"_blank\" rel=\"noopener\">C\u0102LIN MARIA<\/a> <\/strong><\/p>\r\n<p><strong><a href=\"https:\/\/scoalapiru.ro\/wp-content\/uploads\/2025\/06\/FLOREA-LILIOARA.pdf\" target=\"_blank\" rel=\"noopener\">FLOREA LILIOARA<\/a> <\/strong><\/p>\r\n<p><strong><a href=\"https:\/\/scoalapiru.ro\/wp-content\/uploads\/2025\/06\/SOLOT-IOSIF-BENIAMIN.pdf\" target=\"_blank\" rel=\"noopener\">\u0218OLOT IOSIF-BENIAMIN<\/a> <\/strong><\/p>\r\n<p><strong><a href=\"https:\/\/scoalapiru.ro\/wp-content\/uploads\/2025\/06\/NEAGU-MARIA-RAMONA.pdf\" target=\"_blank\" rel=\"noopener\">NEAGU MARIA-RAMONA<\/a> <\/strong><\/p>\r\n<p><strong><a href=\"https:\/\/scoalapiru.ro\/wp-content\/uploads\/2025\/06\/MOISA-MIHAELA.pdf\" target=\"_blank\" rel=\"noopener\">MOIS\u0102 MIHAELA<\/a> <\/strong><\/p>\r\n<p><strong><a href=\"https:\/\/scoalapiru.ro\/wp-content\/uploads\/2025\/06\/MANDRU-FLORELA-MIHAELA.pdf\" target=\"_blank\" rel=\"noopener\">M\u00c2NDRU FLORELA-MIHAELA<\/a> <\/strong><\/p>\r\n<p><strong><a href=\"https:\/\/scoalapiru.ro\/wp-content\/uploads\/2025\/06\/IORDACHE-GEANINA-LOREDANA.pdf\" target=\"_blank\" rel=\"noopener\">IORDACHE GEANINA-LOREDANA<\/a> <\/strong><\/p>\r\n<p><strong><a href=\"https:\/\/scoalapiru.ro\/wp-content\/uploads\/2025\/06\/ENACHE-IONELA-BEATRICE.pdf\" target=\"_blank\" rel=\"noopener\">ENACHE IONELA-BEATRICE<\/a> <\/strong><\/p>\r\n<p><strong><a href=\"https:\/\/scoalapiru.ro\/wp-content\/uploads\/2025\/06\/DRAGOMIR-SVET-HUTULEANU-ANNAYMONE.pdf\" target=\"_blank\" rel=\"noopener\">DRAGOMIR-SVET-HU\u021aULEANU ANNAYMONE<\/a> <\/strong><\/p>\r\n<p><strong><a href=\"https:\/\/scoalapiru.ro\/wp-content\/uploads\/2025\/06\/DUTU-MARINELA.pdf\" target=\"_blank\" rel=\"noopener\">DU\u021aU MARINELA<\/a><\/strong><\/p>\r\n<p><strong>Declara\u021bii de interese<\/strong><\/p>\r\n<p><strong><a href=\"https:\/\/scoalapiru.ro\/wp-content\/uploads\/2025\/06\/COJAN-LIDIA-IOANA-1.pdf\" target=\"_blank\" rel=\"noopener\">COJAN LIDIA-IOANA<\/a> <\/strong><\/p>\r\n<p><strong><a href=\"https:\/\/scoalapiru.ro\/wp-content\/uploads\/2025\/06\/COSTACHI-SIMONA-1.pdf\" target=\"_blank\" rel=\"noopener\">COSTACHI SIMONA<\/a> <\/strong><\/p>\r\n<p><strong><a href=\"https:\/\/scoalapiru.ro\/wp-content\/uploads\/2025\/06\/DRAGOMIR-SVET-HUTULEANU-ANNAYMONE-1.pdf\" target=\"_blank\" rel=\"noopener\">DRAGOMIR-SVET-HU\u021aULEANU ANNAYMONE<\/a> <\/strong><\/p>\r\n<p><strong><a href=\"https:\/\/scoalapiru.ro\/wp-content\/uploads\/2025\/06\/DUTU-MARINELA-1.pdf\" target=\"_blank\" rel=\"noopener\">DU\u021aU MARINELA<\/a> <\/strong><\/p>\r\n<p><strong><a href=\"https:\/\/scoalapiru.ro\/wp-content\/uploads\/2025\/06\/ENACHE-IONELA-BEATRICE-1.pdf\" target=\"_blank\" rel=\"noopener\">ENACHE IONELA-BEATRICE<\/a> <\/strong><\/p>\r\n<p><strong><a href=\"https:\/\/scoalapiru.ro\/wp-content\/uploads\/2025\/06\/IORDACHE-GEANINA-LOREDANA-1.pdf\" target=\"_blank\" rel=\"noopener\">IORDACHE GEANINA-LOREDANA<\/a> <\/strong><\/p>\r\n<p><strong><a href=\"https:\/\/scoalapiru.ro\/wp-content\/uploads\/2025\/06\/MANDRU-FLORELA-MIHAELA-1.pdf\" target=\"_blank\" rel=\"noopener\">M\u00c2NDRU FLORELA-MIHAELA<\/a> <\/strong><\/p>\r\n<p><strong><a href=\"https:\/\/scoalapiru.ro\/wp-content\/uploads\/2025\/06\/MOISA-MIHAELA-1.pdf\" target=\"_blank\" rel=\"noopener\">MOIS\u0102 MIHAELA<\/a> <\/strong><\/p>\r\n<p><strong><a href=\"https:\/\/scoalapiru.ro\/wp-content\/uploads\/2025\/06\/NEAGU-MARIA-RAMONA-1.pdf\" target=\"_blank\" rel=\"noopener\">NEAGU MARIA-RAMONA<\/a> <\/strong><\/p>\r\n<p><strong><a href=\"https:\/\/scoalapiru.ro\/wp-content\/uploads\/2025\/06\/SOLOT-IOSIF-BENIAMIN-1.pdf\" target=\"_blank\" rel=\"noopener\">\u0218OLOT IOSIF-BENIAMIN<\/a> <\/strong><\/p>\r\n<p><strong><a href=\"https:\/\/scoalapiru.ro\/wp-content\/uploads\/2025\/06\/TIMOFTE-MARIA-CRISTINA-1.pdf\" target=\"_blank\" rel=\"noopener\">TIMOFTE MARIA-CRISTINA<\/a> <\/strong><\/p>\r\n<p><strong><a href=\"https:\/\/scoalapiru.ro\/wp-content\/uploads\/2025\/06\/TOFAN-ALINA-1.pdf\" target=\"_blank\" rel=\"noopener\">TOFAN ALINA<\/a> <\/strong><\/p>\r\n<p><strong><a href=\"https:\/\/scoalapiru.ro\/wp-content\/uploads\/2025\/06\/TARANU-OTILIA-MARIA-1.pdf\" target=\"_blank\" rel=\"noopener\">\u021a\u0102RANU OTILIA-MARIA<\/a> <\/strong><\/p>\r\n<p><strong><a href=\"https:\/\/scoalapiru.ro\/wp-content\/uploads\/2025\/06\/MAGIRESCU-COSTEL-1.pdf\" target=\"_blank\" rel=\"noopener\">M\u0102GIRESCU COSTEL<\/a> <\/strong><\/p>\r\n<p><strong><a href=\"https:\/\/scoalapiru.ro\/wp-content\/uploads\/2025\/06\/ARMANU-ANDREEA-1.pdf\" target=\"_blank\" rel=\"noopener\">ARMANU ANDREEA<\/a> <\/strong><\/p>\r\n<p><strong><a href=\"https:\/\/scoalapiru.ro\/wp-content\/uploads\/2025\/06\/CALIN-MARIA-1.pdf\" target=\"_blank\" rel=\"noopener\">C\u0102LIN MARIA<\/a> <\/strong><\/p>\r\n<p><strong><a href=\"https:\/\/scoalapiru.ro\/wp-content\/uploads\/2025\/06\/FLOREA-LILIOARA-1.pdf\" target=\"_blank\" rel=\"noopener\">FLOREA LILIOARA<\/a> <\/strong><\/p>\r\n<p><strong><a href=\"https:\/\/scoalapiru.ro\/wp-content\/uploads\/2025\/06\/ADOCHITEI-CATALINA-1.pdf\" target=\"_blank\" rel=\"noopener\">ADOCHI\u021aEI C\u0102T\u0102LINA<\/a> <\/strong><\/p>\r\n<p><strong><a href=\"https:\/\/scoalapiru.ro\/wp-content\/uploads\/2025\/06\/BURLACIUC-BOGDANA-1.pdf\" target=\"_blank\" rel=\"noopener\">BURL\u0102CIUC BOGDANA<\/a> <\/strong><\/p>\r\n<p><strong><a href=\"https:\/\/scoalapiru.ro\/wp-content\/uploads\/2025\/06\/CIOBANU-CATALIN-1.pdf\" target=\"_blank\" rel=\"noopener\">CIOBANU C\u0102T\u0102LIN<\/a><\/strong><\/p>\r\n<p><strong>Anul 2020<\/strong><\/p>\r\n<ul>\r\n\t<li><strong>Director, Bogdana-Mihaela BURL\u0102CIUC &#8211; <a href=\"https:\/\/scoalapiru.ro\/wp-content\/uploads\/2020\/10\/2020-Burlaciuc-Bogdana-Mihaela-Declaratii-de-avere-si-de-interese.pdf\" target=\"_blank\" rel=\"noopener noreferrer\">Declara\u021bie<\/a><\/strong><\/li>\r\n\t<li><strong>Director adjunct, Maria-Ramona NEAGU &#8211; <a href=\"https:\/\/scoalapiru.ro\/wp-content\/uploads\/2020\/10\/2020-Neagu-Maria-Ramona-Declaratii-de-avere-si-interese.pdf\" target=\"_blank\" rel=\"noopener noreferrer\">Declara\u021bie<\/a><\/strong><\/li>\r\n<\/ul>\r\n<p>&nbsp;<\/p>\r\n<p><strong><\/strong><\/p>","protected":false},"excerpt":{"rendered":"<p>Anul 2025 Declara\u021bii de avere COSTACHI SIMONA COJAN LIDIA-IOANA CIOBANU C\u0102T\u0102LIN ADOCHI\u021aEI C\u0102T\u0102LINA BURL\u0102CIUC BOGDANA M\u0102GIRESCU COSTEL TIMOFTE MARIA-CRISTINA \u021a\u0102RANU OTILIA-MARIA TOFAN ALINA ARMANU ANDREEA C\u0102LIN MARIA FLOREA LILIOARA \u0218OLOT IOSIF-BENIAMIN NEAGU MARIA-RAMONA MOIS\u0102 MIHAELA M\u00c2NDRU FLORELA-MIHAELA IORDACHE GEANINA-LOREDANA ENACHE <a href=\"https:\/\/scoalapiru.ro\/index.php\/declaratii-de-avere-si-interese\/\" class=\"read-more\">Read More &#8230;<\/a><\/p>\n","protected":false},"author":1,"featured_media":0,"parent":0,"menu_order":0,"comment_status":"closed","ping_status":"closed","template":"","meta":{"footnotes":""},"class_list":["post-293","page","type-page","status-publish","hentry"],"_links":{"self":[{"href":"https:\/\/scoalapiru.ro\/index.php\/wp-json\/wp\/v2\/pages\/293","targetHints":{"allow":["GET"]}}],"collection":[{"href":"https:\/\/scoalapiru.ro\/index.php\/wp-json\/wp\/v2\/pages"}],"about":[{"href":"https:\/\/scoalapiru.ro\/index.php\/wp-json\/wp\/v2\/types\/page"}],"author":[{"embeddable":true,"href":"https:\/\/scoalapiru.ro\/index.php\/wp-json\/wp\/v2\/users\/1"}],"replies":[{"embeddable":true,"href":"https:\/\/scoalapiru.ro\/index.php\/wp-json\/wp\/v2\/comments?post=293"}],"version-history":[{"count":7,"href":"https:\/\/scoalapiru.ro\/index.php\/wp-json\/wp\/v2\/pages\/293\/revisions"}],"predecessor-version":[{"id":1667,"href":"https:\/\/scoalapiru.ro\/index.php\/wp-json\/wp\/v2\/pages\/293\/revisions\/1667"}],"wp:attachment":[{"href":"https:\/\/scoalapiru.ro\/index.php\/wp-json\/wp\/v2\/media?parent=293"}],"curies":[{"name":"wp","href":"https:\/\/api.w.org\/{rel}","templated":true}]}}