{"id":548,"date":"2023-06-09T12:35:56","date_gmt":"2023-06-09T10:35:56","guid":{"rendered":"https:\/\/scoalapiru.ro\/?page_id=548"},"modified":"2025-07-08T12:09:32","modified_gmt":"2025-07-08T10:09:32","slug":"inscrierea-in-invatamantul-prescolar","status":"publish","type":"page","link":"https:\/\/scoalapiru.ro\/index.php\/inscrierea-in-invatamantul-prescolar\/","title":{"rendered":"\u00censcriere \u00eenv\u0103\u021b\u0103m\u00e2nt pre\u0219colar"},"content":{"rendered":"<p><strong>\u00censcriere \u00eenv\u0103\u021b\u0103m\u00e2nt pre\u0219colar<\/strong><\/p>\n<p><strong><span style=\"color: #000000;\">2025 \u2013 2026<\/span><\/strong><\/p>\n<p><strong><a href=\"https:\/\/scoalapiru.ro\/wp-content\/uploads\/2025\/07\/Lista-admisi-etapa-II.pdf\" target=\"_blank\" rel=\"noopener\">Lista admisi etapa II<\/a><\/strong><\/p>\n<p><strong><a href=\"https:\/\/scoalapiru.ro\/wp-content\/uploads\/2025\/07\/Locuri-libere-dupa-etapa-II.pdf\" target=\"_blank\" rel=\"noopener\">Locuri libere dup\u0103 etapa II<\/a> <\/strong><\/p>\n<p><strong><a href=\"https:\/\/scoalapiru.ro\/wp-content\/uploads\/2025\/06\/LISTA-COPII-ADMISI-GRADINITA-ETAPA-I.pdf\" target=\"_blank\" rel=\"noopener\">LIST\u0102 COPII ADMI\u0218I GR\u0102DINI\u021a\u0102 ETAPA I<\/a> <\/strong><\/p>\n<p><strong><a href=\"https:\/\/scoalapiru.ro\/wp-content\/uploads\/2025\/06\/LOCURI-LIBERE-PENTRU-ETAPA-II-.pdf\" target=\"_blank\" rel=\"noopener\">LOCURI LIBERE PENTRU ETAPA II<\/a><\/strong><\/p>\n<p><strong><a href=\"https:\/\/scoalapiru.ro\/wp-content\/uploads\/2025\/05\/LOCURI-LIBERE-DUPA-FINALIZAREA-ETAPEI-DE-REINSCRIERE-2025-2026.pdf\" target=\"_blank\" rel=\"noopener\">LOCURI LIBERE DUP\u0102 FINALIZAREA ETAPEI DE RE\u00ceNSCRIERE 2025-2026<\/a><\/strong><\/p>\n<p><strong><a href=\"https:\/\/scoalapiru.ro\/wp-content\/uploads\/2025\/05\/AFIS-INSCRIERI-GRADINITA-2025-2026.pdf\" target=\"_blank\" rel=\"noopener\">AFIS INSCRIERI GRADINITA 2025-2026<\/a> <\/strong><\/p>\n<p><strong><a href=\"https:\/\/scoalapiru.ro\/wp-content\/uploads\/2025\/05\/ANUNT-INSCRIERE-GRADINITA-2025-2026.pdf\" target=\"_blank\" rel=\"noopener\">ANUN\u021a \u00ceNSCRIERE GR\u0102DINI\u021a\u0102 2025-2026<\/a><\/strong><\/p>\n<p><strong><a href=\"https:\/\/scoalapiru.ro\/wp-content\/uploads\/2025\/05\/CALENDARUL-reinscrierii-si-inscrierii-copiilor-prescolari-in-anul-scolar-2025-2026-.pdf\" target=\"_blank\" rel=\"noopener\">CALENDARUL re\u00eenscrierii \u0219i \u00eenscrierii copiilor pre\u015fcolari \u00een anul \u015fcolar 2025 &#8211; 2026<\/a><\/strong><\/p>\n<p><a href=\"http:\/\/www.isjbacau.ro\/compartiment-curriculum\/invatamant-prescolar\/inscrieri-invatamant-educatie-timpurie-2025-2026\/omec-3435-omec-3436-inscriere-gradinita-inv-primar\/view\" target=\"_blank\" rel=\"noopener\"><strong><span style=\"color: #000000;\">OMEC 3435 OMEC 3436 INSCRIERE GRADINITA INV PRIMAR<\/span><\/strong><\/a><\/p>\n<p><strong><a href=\"http:\/\/www.isjbacau.ro\/compartiment-curriculum\/invatamant-prescolar\/inscrieri-invatamant-educatie-timpurie-2025-2026\/circumscriptii-scolare-si-prescolare-2025-2026\/view\" target=\"_blank\" rel=\"noopener\"><span style=\"color: #000000;\">CIRCUMSCRIPTII SCOLARE SI PRESCOLARE 2025-2026<\/span><\/a><\/strong><\/p>\n<p><strong><a href=\"http:\/\/www.isjbacau.ro\/compartiment-curriculum\/invatamant-prescolar\/inscrieri-invatamant-educatie-timpurie-2025-2026\/cerere-tip_prescolar_2025\/view\" target=\"_blank\" rel=\"noopener\">CERERE-TIP PRESCOLAR 2025<\/a><\/strong><\/p>\n<p><a href=\"http:\/\/www.isjbacau.ro\/compartiment-curriculum\/invatamant-prescolar\/inscrieri-invatamant-educatie-timpurie-2025-2026\/calendar-reinscrieri-inscrieri-educatie-timpurie-2025-2026\/view\" target=\"_blank\" rel=\"noopener\"><strong><span style=\"color: #000000;\">Calendar re\u00eenscrieri\/\u00eenscrieri educa\u021bie timpurie 2025-2026<\/span><\/strong><\/a><\/p>\n<p><a href=\"http:\/\/www.isjbacau.ro\/compartiment-curriculum\/invatamant-prescolar\/inscrieri-invatamant-educatie-timpurie-2025-2026\/informatii-inscriere-educatie-timpurie-2025-2026\/view\" target=\"_blank\" rel=\"noopener\"><strong>Informa\u021bii-\u00eenscriere-educa\u021bie-timpurie-2025-2026<\/strong><\/a><\/p>\n<p><a href=\"http:\/\/www.isjbacau.ro\/compartiment-management\/inspectori-scolari-managementul-resurselor-umane\/mobilitate_2025-2026\/compartiment-curriculum\/invatamant-prescolar\/inscrieri-invatamant-educatie-timpurie-2025-2026\" target=\"_blank\" rel=\"noopener\"><span style=\"color: #000000;\"><strong>ISJ BAC\u0102U &#8211; <\/strong><\/span><\/a><a href=\"http:\/\/www.isjbacau.ro\/compartiment-management\/inspectori-scolari-managementul-resurselor-umane\/mobilitate_2025-2026\/compartiment-curriculum\/invatamant-prescolar\/inscrieri-invatamant-educatie-timpurie-2025-2026\" target=\"_blank\" rel=\"noopener\"><span style=\"color: #000000;\"><strong>Inscrieri \u00eenv\u0103\u021b\u0103m\u00e2nt educa\u021bie timpurie 2025 &#8211; 2026<\/strong><\/span><\/a><\/p>\n<p>&nbsp;<\/p>\n<p>&nbsp;<\/p>\n<p><span style=\"color: #000000;\"><strong>2024 \u2013 2025<\/strong><\/span><\/p>\n<p><strong><a href=\"https:\/\/scoalapiru.ro\/wp-content\/uploads\/2024\/07\/LISTA-COPIILOR-ADMISI-ETAPA-II.pdf\" target=\"_blank\" rel=\"noopener\">LISTA COPIILOR ADMISI ETAPA II<\/a><\/strong><\/p>\n<p><strong><a href=\"https:\/\/scoalapiru.ro\/wp-content\/uploads\/2024\/07\/LOCURI-LIBERE-DUPA-FINALIZAREA-ETAPEI-II.pdf\" target=\"_blank\" rel=\"noopener\">LOCURI LIBERE DUPA FINALIZAREA ETAPEI II<\/a>\u00a0<\/strong><\/p>\n<p><strong><a href=\"https:\/\/scoalapiru.ro\/wp-content\/uploads\/2024\/06\/Rezultate-admitere-inscriere-gradinita-pentru-anul-scolar-2024-2025.pdf\" target=\"_blank\" rel=\"noopener\">Rezultate admitere \u00eenscriere gr\u0103dini\u021b\u0103 pentru anul \u0219colar 2024-2025<\/a> <\/strong><\/p>\n<p><strong><a href=\"https:\/\/scoalapiru.ro\/wp-content\/uploads\/2024\/06\/Numar-locuri-libere-ramase-dupa-etapa-I-inscrieri-gradinita-pentru-anul-scolar-2024-2025.pdf\" target=\"_blank\" rel=\"noopener\">Num\u0103r locuri libere r\u0103mase dup\u0103 etapa I \u00eenscrieri gradinita pentru anul \u0219colar 2024-2025<\/a><\/strong><\/p>\n<p><strong><a href=\"https:\/\/scoalapiru.ro\/wp-content\/uploads\/2024\/05\/LOCURI-LIBERE-2024-2025.pdf\" target=\"_blank\" rel=\"noopener\">LOCURI LIBERE 2024-2025<\/a><\/strong><\/p>\n<p><strong><a href=\"https:\/\/scoalapiru.ro\/wp-content\/uploads\/2024\/05\/ANUNT-INSCRIERE-GRADINITA-2024-2025-1.pdf\" target=\"_blank\" rel=\"noopener\"><strong>ANUN\u021a \u00ceNSCRIERE GR\u0102DI<\/strong>NI\u021a\u0102 2024-2025<\/a><\/strong><\/p>\n<p><strong><a href=\"https:\/\/scoalapiru.ro\/wp-content\/uploads\/2024\/05\/AFIS-INSCRIERI-GRADINITA-2024-2025.pdf\" target=\"_blank\" rel=\"noopener\">AFIS INSCRIERI GRADINITA 2024-2025<\/a><\/strong><\/p>\n<p><a href=\"http:\/\/www.isjbacau.ro\/compartiment-curriculum\/invatamant-prescolar\/inscriere-educatie-timpurie-anteprescolar-prescolar-in-anul-scolar-2024-2025\/calendar-inscriere-educatie-timpurie-2024-2025\/view\" target=\"_blank\" rel=\"noopener\"><strong>Calendar \u00eenscriere educa\u021bie timpurie 2024 -2025<\/strong><\/a><\/p>\n<p><strong><a href=\"https:\/\/scoalapiru.ro\/wp-content\/uploads\/2024\/04\/CERERE-TIP_PRESCOLAR_2024.pdf\">CERERE-TIP_PRESCOLAR_2024 (PDF)<\/a> <\/strong><\/p>\n<p><strong><a href=\"https:\/\/scoalapiru.ro\/wp-content\/uploads\/2024\/04\/CERERE-TIP_PRESCOLAR_2024.docx\" target=\"_blank\" rel=\"noopener\">CERERE-TIP_PRESCOLAR_2024 (DOC)<\/a><\/strong><\/p>\n<p><strong><a href=\"https:\/\/scoalapiru.ro\/wp-content\/uploads\/2024\/03\/Inscrieri-crese_gradinite-26.03.2024.pdf\" target=\"_blank\" rel=\"noopener\">Comunicat ISJ- Calendarul \u00eenscrierilor la cre\u0219\u0103 \u0219i gr\u0103dini\u021b\u0103 2024<\/a><\/strong><\/p>\n<p><strong><a class=\"contenttype-file state-missing-value url\" href=\"http:\/\/www.isjbacau.ro\/compartiment-curriculum\/invatamant-primar\/an-scolar-2023-2024\/inscriere-clasa-pregatitoare-2024-2025\/circumscriptii-scolare-2024-2025\/view\" target=\"_blank\" rel=\"noopener\">CIRCUMSCRIP\u021aII \u0218COLARE 2024-2025<\/a>\u00a0<\/strong><\/p>\n<p><strong><a href=\"http:\/\/www.isjbacau.ro\/compartiment-curriculum\/invatamant-prescolar\/inscriere-educatie-timpurie-anteprescolar-prescolar-in-anul-scolar-2024-2025\/metodologie-inscriere-educatie-timpurie-2024-2025\/view\" target=\"_blank\" rel=\"noopener\">Metodologie \u00eenscriere educa\u021bie timpurie 2024 &#8211; 2025<\/a><\/strong><\/p>\n<p><strong><a class=\"contenttype-file state-missing-value url\" href=\"http:\/\/www.isjbacau.ro\/compartiment-curriculum\/invatamant-primar\/an-scolar-2023-2024\/inscriere-clasa-pregatitoare-2024-2025\/ordin-privind-aprobarea-procedurii-de-distributie-aleatorie-a-anteprescolarilor-prescolarilor-elevilor-in-formatiunile-de-studiu\/view\" target=\"_blank\" rel=\"noopener\">ORDIN privind aprobarea Procedurii de distribu\u021bie aleatorie a antepre\u0219colarilor\/pre\u0219colarilor\/elevilor \u00een forma\u021biunile de studiu<\/a><\/strong><\/p>\n<p style=\"text-align: center;\"><img loading=\"lazy\" decoding=\"async\" class=\"size-full wp-image-1075 aligncenter\" src=\"https:\/\/scoalapiru.ro\/wp-content\/uploads\/2024\/03\/image_tel-verde-Bacau.jpeg\" alt=\"\" width=\"200\" height=\"98\" \/><a href=\"http:\/\/www.isjbacau.ro\/compartiment-curriculum\/invatamant-prescolar\/inscriere-educatie-timpurie-anteprescolar-prescolar-in-anul-scolar-2024-2025\" target=\"_blank\" rel=\"noopener\"><strong>Num\u0103rul de TelVerde ISJ BAC\u0102U(0800816324) va fi disponibil \u00een perioada prev\u0103zut\u0103 \u00een Calendarul \u00eenscrierii, de luni p\u00e2n\u0103 joi \u00eentre orele 8:00-16:30, vineri 8:00-14:00<\/strong><\/a><\/p>\n<p>PENTRU A SE EVITA AGLOMERA\u021aIA SE POT FACE PROGRAM\u0102RI LA NUM\u0102RUL DE TELEFON:<strong> 0234 211019<\/strong><\/p>\n<p><span style=\"color: #000000;\"><strong><em>ORDINEA PROGRAM\u0102RII TELEFONICE PENTRU COMPLETAREA CERERILOR NU PRESUPUNE CREAREA UNEI LISTE DE PRE\u00ceNSCRIERE SAU ACORDAREA UNEI PRIORIT\u0102\u021aI LA \u00ceNSCRIERE!<\/em><\/strong><\/span><\/p>\n<p><span style=\"color: #000000;\"><strong>Ordinea \u00een care se programeaz\u0103 telefonic pentru completarea \u015fi\/sau validarea cererilor-tip de \u00eenscriere sau \u00een care se prezint\u0103 pentru completarea \u015fi\/sau validarea cererilor-tip de \u00eenscriere nu presupune crearea unei liste de pre\u00eenscriere \u015fi\/sau acordarea unei priorit\u0103\u0163i la \u00eenscriere!<\/strong><\/span><\/p>\n<hr \/>\n<p><span style=\"color: #000000;\"><strong>2023 \u2013 2024<\/strong><\/span><\/p>\n<p><strong><a href=\"https:\/\/scoalapiru.ro\/wp-content\/uploads\/2023\/06\/Locuri-libere-dupa-etapa-I-inscriere-gradinita-2023-2024.pdf\" target=\"_blank\" rel=\"noopener\">Locuri libere dupa etapa I &#8211; inscriere gradinita 2023-2024<\/a><\/strong><\/p>\n<p><strong><a href=\"https:\/\/scoalapiru.ro\/wp-content\/uploads\/2023\/06\/LISTA-COPIILOR-ADMISI-sau-RESPINSI-IN-ETAPA-I_inscriere-gradinita-2023-2024.pdf\" target=\"_blank\" rel=\"noopener\">LISTA COPIILOR ADMI\u0218I sau RESPIN\u0218I \u00ceN ETAPA I_inscriere gradinita 2023-2024<\/a><\/strong><\/p>\n<p><strong><a href=\"https:\/\/scoalamihailsadoveanu.ro\/wp-content\/uploads\/2023\/06\/Anexa1_Metodologie.pdf\" target=\"_blank\" rel=\"noopener\">Anexa1 Metodologie<\/a><\/strong><\/p>\n<p><strong><a href=\"https:\/\/scoalamihailsadoveanu.ro\/wp-content\/uploads\/2023\/06\/Anexa2_Calendar.pdf\" target=\"_blank\" rel=\"noopener\">Anexa2 Calendar<\/a><\/strong><\/p>\n<p><strong><a href=\"https:\/\/scoalamihailsadoveanu.ro\/wp-content\/uploads\/2023\/06\/Anexa3_Declaratie.pdf\" target=\"_blank\" rel=\"noopener\">Anexa3 Declaratie<\/a><\/strong><\/p>\n<p><strong><a href=\"https:\/\/scoalamihailsadoveanu.ro\/wp-content\/uploads\/2023\/06\/Ordin_aprobare_Metod.si-Calendar-inscriere-ET_31-mai_input-M.Of_.pdf\" target=\"_blank\" rel=\"noopener\">Ordin aprobare Metodologie<\/a><\/strong><\/p>\n<p><a href=\"http:\/\/www.isjbacau.ro\/compartiment-curriculum\/invatamant-primar\/an-scolar-2022-2023\/inscriere-clasa-pregatitoare-2023-2024\/circumscriptii-scolare-2023-2024\/view\" target=\"_blank\" rel=\"noopener\"><strong>CIRCUMSCRIP\u021aII \u0218COLARE 2023-2024<\/strong><\/a><\/p>\n<p><strong><a href=\"https:\/\/scoalapiru.ro\/wp-content\/uploads\/2023\/06\/CRITERII-GENERALE-INSCRIERI-GRADINITA-2023-2024-1.pdf\" target=\"_blank\" rel=\"noopener\">CRITERII GENERALE INSCRIERI GRADINITA 2023-2024<\/a><\/strong><\/p>\n<p><strong><a href=\"https:\/\/scoalapiru.ro\/wp-content\/uploads\/2023\/06\/AFIS-INSCRIERI-GRADINITA-2023-2024.pdf\" target=\"_blank\" rel=\"noopener\">AFIS INSCRIERI GRADINITA 2023-2024<\/a> <\/strong><\/p>\n<p><strong><a href=\"https:\/\/scoalapiru.ro\/wp-content\/uploads\/2023\/06\/PERIOADE-SI-ACTE-NECESARE-INSCRIERE-GRADINITA-2023-2024.pdf\" target=\"_blank\" rel=\"noopener\">PERIOADE \u0218I ACTE NECESARE INSCRIERE GRADINITA 2023-2024<\/a> <\/strong><\/p>\n<p><strong><a href=\"https:\/\/scoalapiru.ro\/wp-content\/uploads\/2023\/06\/LOCURI-LIBERE-DUPA-REINSCRIERI-GRADINITA-2023-2024.pdf\" target=\"_blank\" rel=\"noopener\">LOCURI LIBERE DUPA REINSCRIERI &#8211; GRADINITA 2023-2024<\/a><\/strong><\/p>\n<p><a href=\"http:\/\/www.isjbacau.ro\/compartiment-curriculum\/invatamant-prescolar\/inscriere-educatie-timpurie-2023-2024\" target=\"_blank\" rel=\"noopener\"><strong><span lang=\"EN-US\">\u00censcriere educa\u021bie timpurie 2023 -2024 \u2013 ISJ BAC\u0102U<\/span><\/strong><\/a><\/p>\n<p><a href=\"https:\/\/www.edu.ro\/ghid_intrebari_raspunsuri_inscriere_invatamant_prescolar_anteprescolar_2023_2024\" target=\"_blank\" rel=\"noopener\"><strong><span lang=\"EN-US\">\u00censcrierea\/Re\u00eenscrierea \u00een \u00eenv\u0103\u021b\u0103m\u00e2ntul antepre\u0219colar \u0219i pre\u0219colar &#8211; 2023 \u2013 2024 &#8211;\u00a0 Ghid \u2013 EDU.RO<\/span><\/strong><\/a><\/p>\n<p>PENTRU A SE EVITA AGLOMERA\u021aIA SE POT FACE PROGRAM\u0102RI LA NUM\u0102RUL DE TELEFON:<strong> 0234 211019<\/strong><\/p>\n<p><strong><em>ORDINEA PROGRAM\u0102RII TELEFONICE PENTRU COMPLETAREA CERERILOR NU PRESUPUNE CREAREA UNEI LISTE DE PRE\u00ceNSCRIERE SAU ACORDAREA UNEI PRIORIT\u0102\u021aI LA \u00ceNSCRIERE!<\/em><\/strong><\/p>\n<p><strong>Ordinea \u00een care se programeaz\u0103 telefonic pentru completarea \u015fi\/sau validarea cererilor-tip de \u00eenscriere sau \u00een care se prezint\u0103 pentru completarea \u015fi\/sau validarea cererilor-tip de \u00eenscriere nu presupune crearea unei liste de pre\u00eenscriere \u015fi\/sau acordarea unei priorit\u0103\u0163i la \u00eenscriere!<\/strong><\/p>\n<p><img loading=\"lazy\" decoding=\"async\" class=\"aligncenter wp-image-567 size-medium\" src=\"https:\/\/scoalapiru.ro\/wp-content\/uploads\/2023\/06\/prescolari-1-300x203.jpg\" alt=\"\" width=\"300\" height=\"203\" srcset=\"https:\/\/scoalapiru.ro\/wp-content\/uploads\/2023\/06\/prescolari-1-300x203.jpg 300w, https:\/\/scoalapiru.ro\/wp-content\/uploads\/2023\/06\/prescolari-1-360x243.jpg 360w, https:\/\/scoalapiru.ro\/wp-content\/uploads\/2023\/06\/prescolari-1.jpg 500w\" sizes=\"auto, (max-width: 300px) 100vw, 300px\" \/><\/p>\n","protected":false},"excerpt":{"rendered":"<p>\u00censcriere \u00eenv\u0103\u021b\u0103m\u00e2nt pre\u0219colar 2025 \u2013 2026 Lista admisi etapa II Locuri libere dup\u0103 etapa II LIST\u0102 COPII ADMI\u0218I GR\u0102DINI\u021a\u0102 ETAPA I LOCURI LIBERE PENTRU ETAPA II LOCURI LIBERE DUP\u0102 FINALIZAREA ETAPEI DE RE\u00ceNSCRIERE 2025-2026 AFIS INSCRIERI GRADINITA 2025-2026 ANUN\u021a \u00ceNSCRIERE <a href=\"https:\/\/scoalapiru.ro\/index.php\/inscrierea-in-invatamantul-prescolar\/\" class=\"read-more\">Read More &#8230;<\/a><\/p>\n","protected":false},"author":2,"featured_media":0,"parent":0,"menu_order":0,"comment_status":"closed","ping_status":"closed","template":"","meta":{"footnotes":""},"class_list":["post-548","page","type-page","status-publish","hentry"],"_links":{"self":[{"href":"https:\/\/scoalapiru.ro\/index.php\/wp-json\/wp\/v2\/pages\/548","targetHints":{"allow":["GET"]}}],"collection":[{"href":"https:\/\/scoalapiru.ro\/index.php\/wp-json\/wp\/v2\/pages"}],"about":[{"href":"https:\/\/scoalapiru.ro\/index.php\/wp-json\/wp\/v2\/types\/page"}],"author":[{"embeddable":true,"href":"https:\/\/scoalapiru.ro\/index.php\/wp-json\/wp\/v2\/users\/2"}],"replies":[{"embeddable":true,"href":"https:\/\/scoalapiru.ro\/index.php\/wp-json\/wp\/v2\/comments?post=548"}],"version-history":[{"count":60,"href":"https:\/\/scoalapiru.ro\/index.php\/wp-json\/wp\/v2\/pages\/548\/revisions"}],"predecessor-version":[{"id":1677,"href":"https:\/\/scoalapiru.ro\/index.php\/wp-json\/wp\/v2\/pages\/548\/revisions\/1677"}],"wp:attachment":[{"href":"https:\/\/scoalapiru.ro\/index.php\/wp-json\/wp\/v2\/media?parent=548"}],"curies":[{"name":"wp","href":"https:\/\/api.w.org\/{rel}","templated":true}]}}