{"id":627,"date":"2023-06-30T14:23:57","date_gmt":"2023-06-30T12:23:57","guid":{"rendered":"https:\/\/scoalapiru.ro\/?page_id=627"},"modified":"2024-10-14T10:51:22","modified_gmt":"2024-10-14T08:51:22","slug":"programului-saptamana-verde","status":"publish","type":"page","link":"https:\/\/scoalapiru.ro\/index.php\/programului-saptamana-verde\/","title":{"rendered":"Programul S\u0103pt\u0103m\u00e2na Verde"},"content":{"rendered":"<p><strong><a href=\"https:\/\/scoalapiru.ro\/index.php\/programului-saptamana-verde\/ome-3629-din-02-02-2023-privind-aprobarea-metodologiei-de-organizare-a-programului-saptamana-verde\/\" target=\"_blank\" rel=\"attachment noopener wp-att-628\">OME 3629 din 02.02.2023 privind aprobarea Metodologiei de organizare a Programului S\u0103pt\u0103m\u00e2na Verde<\/a>(PDF)<\/strong><\/p>\n","protected":false},"excerpt":{"rendered":"<p>OME 3629 din 02.02.2023 privind aprobarea Metodologiei de organizare a Programului S\u0103pt\u0103m\u00e2na Verde(PDF)<\/p>\n","protected":false},"author":2,"featured_media":0,"parent":0,"menu_order":0,"comment_status":"closed","ping_status":"closed","template":"","meta":{"footnotes":""},"class_list":["post-627","page","type-page","status-publish","hentry"],"_links":{"self":[{"href":"https:\/\/scoalapiru.ro\/index.php\/wp-json\/wp\/v2\/pages\/627","targetHints":{"allow":["GET"]}}],"collection":[{"href":"https:\/\/scoalapiru.ro\/index.php\/wp-json\/wp\/v2\/pages"}],"about":[{"href":"https:\/\/scoalapiru.ro\/index.php\/wp-json\/wp\/v2\/types\/page"}],"author":[{"embeddable":true,"href":"https:\/\/scoalapiru.ro\/index.php\/wp-json\/wp\/v2\/users\/2"}],"replies":[{"embeddable":true,"href":"https:\/\/scoalapiru.ro\/index.php\/wp-json\/wp\/v2\/comments?post=627"}],"version-history":[{"count":5,"href":"https:\/\/scoalapiru.ro\/index.php\/wp-json\/wp\/v2\/pages\/627\/revisions"}],"predecessor-version":[{"id":1465,"href":"https:\/\/scoalapiru.ro\/index.php\/wp-json\/wp\/v2\/pages\/627\/revisions\/1465"}],"wp:attachment":[{"href":"https:\/\/scoalapiru.ro\/index.php\/wp-json\/wp\/v2\/media?parent=627"}],"curies":[{"name":"wp","href":"https:\/\/api.w.org\/{rel}","templated":true}]}}